{"id":112,"date":"2023-06-19T15:38:56","date_gmt":"2023-06-19T13:38:56","guid":{"rendered":"https:\/\/linux-pc.ch\/?page_id=112"},"modified":"2025-05-18T11:54:09","modified_gmt":"2025-05-18T09:54:09","slug":"dein-alter","status":"publish","type":"page","link":"https:\/\/linux-pc.ch\/index.php\/dein-alter\/","title":{"rendered":"Dein &#171;Alter&#187;&#8230;"},"content":{"rendered":"<p><span style=\"font-family: helvetica, arial, sans-serif;\"><img loading=\"lazy\" decoding=\"async\" class=\"alignnone size-full wp-image-200\" src=\"https:\/\/linux-pc.ch\/wp-content\/uploads\/2023\/06\/den-alten-PC.jpg\" alt=\"\" width=\"963\" height=\"963\" srcset=\"https:\/\/linux-pc.ch\/wp-content\/uploads\/2023\/06\/den-alten-PC.jpg 963w, https:\/\/linux-pc.ch\/wp-content\/uploads\/2023\/06\/den-alten-PC-300x300.jpg 300w, https:\/\/linux-pc.ch\/wp-content\/uploads\/2023\/06\/den-alten-PC-150x150.jpg 150w, https:\/\/linux-pc.ch\/wp-content\/uploads\/2023\/06\/den-alten-PC-768x768.jpg 768w\" sizes=\"auto, (max-width: 963px) 100vw, 963px\" \/><\/span><\/p>\n<p><span style=\"font-family: helvetica, arial, sans-serif;\">Keine Lust auf einen neuen PC, weil Dein Alter noch tip-top ist?<\/span><\/p>\n<p><span style=\"font-family: helvetica, arial, sans-serif;\">Dann nimm bitte den H\u00f6rer zur Hand und lass uns \u00fcber eine Umr\u00fcstung Deines Ger\u00e4ts auf LINUX mint sprechen &#8230;\u00a0<\/span><\/p>\n<p><span style=\"font-family: helvetica, arial, sans-serif;\">Wenn Dein Ger\u00e4t zur guten Mittelklasse geh\u00f6rt und nicht \u00e4lter ist als vielleicht 7 Jahre, dann kann LINUX mint durchaus noch eine <em>Rennmaschine<\/em> aus Deinem PC, MAC oder notebook machen, da die Hardware-Ressourcen viel besser ausgesch\u00f6pft werden als bei den herk\u00f6mmlichen Betriebssystemen.<\/span><\/p>\n<p><span style=\"font-family: helvetica, arial, sans-serif;\">Die Hardware entscheidet, ob es sich lohnt, oder nicht mehr lohnt umzur\u00fcsten. Unsere Installation und fachm\u00e4nnische STANDARD-Konfiguration kostet 180,- CHF, unsere PREMIUM-Konfiguration 270,- CHF (siehe: <a href=\"https:\/\/linux-pc.ch\/index.php\/linux-mint-kann-alles\/\">LINUX mint kann alles&#8230;<\/a>). Sofern Dein PC, notebook, iMac oder MacBook j\u00fcnger ist als 18 Monate sein sollte, kann sich im Einzefall die Einrichtung um 50% (90,- CHF) verteuern, da die Installation und Konfiguration auf manchen brandneuen Ger\u00e4ten manchmal sehr aufw\u00e4ndig ist.<\/span><\/p>\n<p><span style=\"font-family: helvetica, arial, sans-serif;\">Wir freuen uns auf das Beratungsgespr\u00e4ch mit Dir!\u00a0<\/span><\/p>\n<p>&nbsp;<\/p>\n","protected":false},"excerpt":{"rendered":"<p>Keine Lust auf einen neuen PC, weil Dein Alter noch tip-top ist? Dann nimm bitte den H\u00f6rer zur Hand und lass uns \u00fcber eine Umr\u00fcstung Deines Ger\u00e4ts auf LINUX mint sprechen &#8230;\u00a0 Wenn Dein Ger\u00e4t zur guten Mittelklasse geh\u00f6rt und nicht \u00e4lter ist als vielleicht 7 Jahre, dann kann LINUX mint durchaus noch eine Rennmaschine [&hellip;]<\/p>\n","protected":false},"author":1,"featured_media":0,"parent":0,"menu_order":0,"comment_status":"closed","ping_status":"closed","template":"","meta":{"footnotes":""},"class_list":["post-112","page","type-page","status-publish","hentry"],"jetpack_sharing_enabled":true,"_links":{"self":[{"href":"https:\/\/linux-pc.ch\/index.php\/wp-json\/wp\/v2\/pages\/112","targetHints":{"allow":["GET"]}}],"collection":[{"href":"https:\/\/linux-pc.ch\/index.php\/wp-json\/wp\/v2\/pages"}],"about":[{"href":"https:\/\/linux-pc.ch\/index.php\/wp-json\/wp\/v2\/types\/page"}],"author":[{"embeddable":true,"href":"https:\/\/linux-pc.ch\/index.php\/wp-json\/wp\/v2\/users\/1"}],"replies":[{"embeddable":true,"href":"https:\/\/linux-pc.ch\/index.php\/wp-json\/wp\/v2\/comments?post=112"}],"version-history":[{"count":15,"href":"https:\/\/linux-pc.ch\/index.php\/wp-json\/wp\/v2\/pages\/112\/revisions"}],"predecessor-version":[{"id":544,"href":"https:\/\/linux-pc.ch\/index.php\/wp-json\/wp\/v2\/pages\/112\/revisions\/544"}],"wp:attachment":[{"href":"https:\/\/linux-pc.ch\/index.php\/wp-json\/wp\/v2\/media?parent=112"}],"curies":[{"name":"wp","href":"https:\/\/api.w.org\/{rel}","templated":true}]}}