{"id":110,"date":"2023-06-19T15:37:16","date_gmt":"2023-06-19T13:37:16","guid":{"rendered":"https:\/\/linux-pc.ch\/?page_id=110"},"modified":"2025-05-18T11:53:32","modified_gmt":"2025-05-18T09:53:32","slug":"extras","status":"publish","type":"page","link":"https:\/\/linux-pc.ch\/index.php\/extras\/","title":{"rendered":"Extras"},"content":{"rendered":"<p><span style=\"font-family: helvetica, arial, sans-serif;\"><img loading=\"lazy\" decoding=\"async\" class=\"alignnone size-full wp-image-198\" src=\"https:\/\/linux-pc.ch\/wp-content\/uploads\/2023\/06\/Linux-extras.jpg\" alt=\"\" width=\"963\" height=\"963\" srcset=\"https:\/\/linux-pc.ch\/wp-content\/uploads\/2023\/06\/Linux-extras.jpg 963w, https:\/\/linux-pc.ch\/wp-content\/uploads\/2023\/06\/Linux-extras-300x300.jpg 300w, https:\/\/linux-pc.ch\/wp-content\/uploads\/2023\/06\/Linux-extras-150x150.jpg 150w, https:\/\/linux-pc.ch\/wp-content\/uploads\/2023\/06\/Linux-extras-768x768.jpg 768w\" sizes=\"auto, (max-width: 963px) 100vw, 963px\" \/><\/span><\/p>\n<p><span style=\"color: #345c00; font-size: 24pt; font-family: helvetica, arial, sans-serif;\">DATENSICHERUNG<\/span><\/p>\n<p><span style=\"font-family: helvetica, arial, sans-serif;\">Konfiguration des System- und Datensicherungs-tools timeshift (optional: t\u00e4glich \/ w\u00f6chentlich od. variabel) + separates Daten-Backup<\/span><\/p>\n<p><span style=\"font-family: helvetica, arial, sans-serif;\"><strong>Modell:<\/strong> <span style=\"color: #345c000;\"><strong>Toshiba Externe Festplatte Canvio Basics 4 TB<\/strong><\/span><\/span><br \/>\n<span style=\"font-family: helvetica, arial, sans-serif;\">Verbindungsm\u00f6glichkeiten: USB 3.0, abw\u00e4rtskompatibel mit USB 2.0<\/span><br \/>\n<span style=\"font-family: helvetica, arial, sans-serif;\">Stromversorgung \u00fcber USB<\/span><br \/>\n<span style=\"font-family: helvetica, arial, sans-serif;\">LINUX ext4-formatiert f\u00fcr LINUX mint<\/span><br \/>\n<span style=\"font-family: helvetica, arial, sans-serif;\">Plug-and-Play + LINUX mounted<\/span><\/p>\n<p><span style=\"font-family: helvetica, arial, sans-serif;\"><img loading=\"lazy\" decoding=\"async\" class=\"size-full wp-image-271 aligncenter\" src=\"https:\/\/linux-pc.ch\/wp-content\/uploads\/2023\/06\/toshiba_4TB.jpg\" alt=\"\" width=\"800\" height=\"600\" srcset=\"https:\/\/linux-pc.ch\/wp-content\/uploads\/2023\/06\/toshiba_4TB.jpg 800w, https:\/\/linux-pc.ch\/wp-content\/uploads\/2023\/06\/toshiba_4TB-300x225.jpg 300w, https:\/\/linux-pc.ch\/wp-content\/uploads\/2023\/06\/toshiba_4TB-768x576.jpg 768w\" sizes=\"auto, (max-width: 800px) 100vw, 800px\" \/><span style=\"font-size: 48pt; color: #345c00;\"><sup>180,-<\/sup> <sub>CHF<\/sub><\/span><\/span><\/p>\n<hr \/>\n<p><span style=\"font-size: 24pt; font-family: helvetica, arial, sans-serif; color: #345c00;\">VIRTUELLE MASCHINE (Windows)<\/span><\/p>\n<p><span style=\"font-family: helvetica, arial, sans-serif;\">Konfiguration einer virtuellen Maschine (optional: VMWare* od. virtual box)<\/span><\/p>\n<p><span style=\"font-family: helvetica, arial, sans-serif;\">Installation und Konfiguration eines Windows-Betriebssystems** (optional: Win 11, 10, 7, XP)<\/span><\/p>\n<p><strong><span style=\"font-family: helvetica, arial, sans-serif;\">So sieht eine Anwendung des Betriebssystems Windows 10 unter dem <a href=\"https:\/\/linux-pc.ch\/index.php\/linux-pc-office-eco\/\">LINUX-PC <span style=\"color: #345c000;\">Office eco<\/span><\/a> aus:<\/span><\/strong><\/p>\n<p>&nbsp;<\/p>\n<p><span style=\"font-family: helvetica, arial, sans-serif;\">Demo-Clip: virtuelle Maschine Windows 10 unter LINUX mint.\u00a0<\/span><\/p>\n<div style=\"width: 1680px;\" class=\"wp-video\"><video class=\"wp-video-shortcode\" id=\"video-110-1\" width=\"1680\" height=\"1050\" preload=\"metadata\" controls=\"controls\"><source type=\"video\/mp4\" src=\"https:\/\/linux-pc.ch\/wp-content\/uploads\/2023\/06\/virtuelle_Maschine.mp4?_=1\" \/><a href=\"https:\/\/linux-pc.ch\/wp-content\/uploads\/2023\/06\/virtuelle_Maschine.mp4\">https:\/\/linux-pc.ch\/wp-content\/uploads\/2023\/06\/virtuelle_Maschine.mp4<\/a><\/video><\/div>\n<p>&nbsp;<\/p>\n<p><strong><span style=\"font-family: helvetica, arial, sans-serif;\">&#8230; oder, vielleicht Deine alte Lieblings-Software unter Windows XP?\u00a0<\/span><\/strong><\/p>\n<p>&nbsp;<\/p>\n<p><span style=\"font-family: helvetica, arial, sans-serif;\">Demo-Clip: virtuelle Maschine Windows XP unter LINUX mint.<\/span><\/p>\n<div style=\"width: 1680px;\" class=\"wp-video\"><video class=\"wp-video-shortcode\" id=\"video-110-2\" width=\"1680\" height=\"1050\" preload=\"metadata\" controls=\"controls\"><source type=\"video\/mp4\" src=\"https:\/\/linux-pc.ch\/wp-content\/uploads\/2025\/03\/XP.mp4?_=2\" \/><a href=\"https:\/\/linux-pc.ch\/wp-content\/uploads\/2025\/03\/XP.mp4\">https:\/\/linux-pc.ch\/wp-content\/uploads\/2025\/03\/XP.mp4<\/a><\/video><\/div>\n<p><span style=\"font-family: helvetica, arial, sans-serif;\">\u00a0<\/span><\/p>\n<p><span style=\"font-size: 48pt; font-family: helvetica, arial, sans-serif; color: #345c00;\"><sup>120,-<\/sup> <sub>CHF<\/sub><\/span><\/p>\n<p><span style=\"font-family: helvetica, arial, sans-serif;\">evtl. zus\u00e4tzliche Kosten:<\/span><\/p>\n<p><span style=\"font-family: helvetica, arial, sans-serif;\">*f\u00fcr eine gewerbliche Nutzung muss f\u00fcr VMWare eine Lizenz erworben werden<\/span><\/p>\n<p><span style=\"font-family: helvetica, arial, sans-serif;\">**sofern noch keine Windows-Lizenz vorhanden ist, muss diese erworben werden<\/span><\/p>\n<p><span style=\"font-family: helvetica, arial, sans-serif; color: #ff6600;\">F\u00fcr Anwendungen die mehr als 8GB Grafikspeicher erfordern ist eine virtuelle Maschine u. U. ungeeignet.\u00a0<\/span><\/p>\n<hr \/>\n<p><span style=\"font-family: helvetica, arial, sans-serif;\">Weitere Peripherieger\u00e4te, wie Bildschirme, Drucker, Tastaturen, M\u00e4use, externe CD\/DVD-Ger\u00e4te, unser google-freies Smartphone VOLLA PHONE u.v.m. findest Du in unserem<\/span><\/p>\n<p><span style=\"font-family: helvetica, arial, sans-serif;\"><a href=\"https:\/\/www.edv-lehmann.ch\/shop\" target=\"_blank\" rel=\"noopener\"><span style=\"font-size: 24pt; color: #345c000;\">EDV LEHMANN-SHOP<\/span><\/a><\/span><\/p>\n<p>&nbsp;<\/p>\n","protected":false},"excerpt":{"rendered":"<p>DATENSICHERUNG Konfiguration des System- und Datensicherungs-tools timeshift (optional: t\u00e4glich \/ w\u00f6chentlich od. variabel) + separates Daten-Backup Modell: Toshiba Externe Festplatte Canvio Basics 4 TB Verbindungsm\u00f6glichkeiten: USB 3.0, abw\u00e4rtskompatibel mit USB 2.0 Stromversorgung \u00fcber USB LINUX ext4-formatiert f\u00fcr LINUX mint Plug-and-Play + LINUX mounted 180,- CHF VIRTUELLE MASCHINE (Windows) Konfiguration einer virtuellen Maschine (optional: VMWare* od. [&hellip;]<\/p>\n","protected":false},"author":1,"featured_media":0,"parent":0,"menu_order":0,"comment_status":"closed","ping_status":"closed","template":"","meta":{"footnotes":""},"class_list":["post-110","page","type-page","status-publish","hentry"],"jetpack_sharing_enabled":true,"_links":{"self":[{"href":"https:\/\/linux-pc.ch\/index.php\/wp-json\/wp\/v2\/pages\/110","targetHints":{"allow":["GET"]}}],"collection":[{"href":"https:\/\/linux-pc.ch\/index.php\/wp-json\/wp\/v2\/pages"}],"about":[{"href":"https:\/\/linux-pc.ch\/index.php\/wp-json\/wp\/v2\/types\/page"}],"author":[{"embeddable":true,"href":"https:\/\/linux-pc.ch\/index.php\/wp-json\/wp\/v2\/users\/1"}],"replies":[{"embeddable":true,"href":"https:\/\/linux-pc.ch\/index.php\/wp-json\/wp\/v2\/comments?post=110"}],"version-history":[{"count":37,"href":"https:\/\/linux-pc.ch\/index.php\/wp-json\/wp\/v2\/pages\/110\/revisions"}],"predecessor-version":[{"id":543,"href":"https:\/\/linux-pc.ch\/index.php\/wp-json\/wp\/v2\/pages\/110\/revisions\/543"}],"wp:attachment":[{"href":"https:\/\/linux-pc.ch\/index.php\/wp-json\/wp\/v2\/media?parent=110"}],"curies":[{"name":"wp","href":"https:\/\/api.w.org\/{rel}","templated":true}]}}